{"id":12,"date":"2023-09-25T21:36:10","date_gmt":"2023-09-25T21:36:10","guid":{"rendered":"https:\/\/htcapitalprive.com\/?page_id=12"},"modified":"2023-09-25T21:57:23","modified_gmt":"2023-09-25T21:57:23","slug":"home","status":"publish","type":"page","link":"https:\/\/htcapitalprive.com\/","title":{"rendered":"\u00c0 propos"},"content":{"rendered":"\n<p>Nous investissons principalement en immobilier dans la grande r\u00e9gion de Montr\u00e9al. N&#8217;h\u00e9sitez pas \u00e0 nous contacter pour nous parler de vos projets.<\/p>\n","protected":false},"excerpt":{"rendered":"<p>Nous investissons principalement en immobilier dans la grande r\u00e9gion de Montr\u00e9al. N&#8217;h\u00e9sitez pas \u00e0 nous contacter pour nous parler de vos projets.<\/p>\n","protected":false},"author":1,"featured_media":0,"parent":0,"menu_order":0,"comment_status":"closed","ping_status":"closed","template":"","meta":{"footnotes":""},"_links":{"self":[{"href":"https:\/\/htcapitalprive.com\/index.php?rest_route=\/wp\/v2\/pages\/12"}],"collection":[{"href":"https:\/\/htcapitalprive.com\/index.php?rest_route=\/wp\/v2\/pages"}],"about":[{"href":"https:\/\/htcapitalprive.com\/index.php?rest_route=\/wp\/v2\/types\/page"}],"author":[{"embeddable":true,"href":"https:\/\/htcapitalprive.com\/index.php?rest_route=\/wp\/v2\/users\/1"}],"replies":[{"embeddable":true,"href":"https:\/\/htcapitalprive.com\/index.php?rest_route=%2Fwp%2Fv2%2Fcomments&post=12"}],"version-history":[{"count":4,"href":"https:\/\/htcapitalprive.com\/index.php?rest_route=\/wp\/v2\/pages\/12\/revisions"}],"predecessor-version":[{"id":48,"href":"https:\/\/htcapitalprive.com\/index.php?rest_route=\/wp\/v2\/pages\/12\/revisions\/48"}],"wp:attachment":[{"href":"https:\/\/htcapitalprive.com\/index.php?rest_route=%2Fwp%2Fv2%2Fmedia&parent=12"}],"curies":[{"name":"wp","href":"https:\/\/api.w.org\/{rel}","templated":true}]}}